{"id":16,"date":"2025-08-04T18:13:47","date_gmt":"2025-08-04T18:13:47","guid":{"rendered":"https:\/\/linbages.com\/?page_id=16"},"modified":"2025-08-04T18:13:47","modified_gmt":"2025-08-04T18:13:47","slug":"vaciado-y-mantenimiento-de-fosas-septicas","status":"publish","type":"page","link":"https:\/\/linbages.com\/index.php\/vaciado-y-mantenimiento-de-fosas-septicas\/","title":{"rendered":"Vaciado y mantenimiento de fosas s\u00e9pticas"},"content":{"rendered":"\n<p>En materia de prevenci\u00f3n de problemas en las instalaciones de los desag\u00fces de las viviendas es de fundamental importancia limpiar y realizar el mantenimiento oportuno a las fosas s\u00e9pticas , as\u00ed como prevenir los malos olores .<\/p>\n\n\n\n<p>Disponemos de equipos mixtos propios que permiten aspirar todo el contenido de la fundici\u00f3n hacia el cami\u00f3n cuba , y de depresores de vac\u00edo para la absorci\u00f3n total del barro de la propia fundici\u00f3n .<\/p>\n\n\n\n<p>A posteriori , se aplica agua a presi\u00f3n sobre las paredes de la misma para disolver los residuos adheridos y limpiar las tuber\u00edas tanto de entrada como de salida .&nbsp;<strong>As\u00ed, se evitan atascos, malos olores y la fundici\u00f3n queda como nueva .<\/strong><\/p>\n\n\n\n<h3 class=\"wp-block-heading\" id=\"h-somos-especialistas-en-ofrecer-servicio-de-desatasco-y-mantenimiento-de-fosas-s-pticas\">Somos especialistas en ofrecer servicio de desatasco y Mantenimiento de Fosas s\u00e9pticas<\/h3>\n\n\n\n<p>Finalmente trasladamos el contenido de la fosa en depuradoras o instalaciones de tratamiento , somos una empresa totalmente concienciada y con una pol\u00edtica estricta para preservar el medio ambiente .<\/p>\n","protected":false},"excerpt":{"rendered":"<p>En materia de prevenci\u00f3n de problemas en las instalaciones de los desag\u00fces de las viviendas es de fundamental importancia limpiar y realizar el mantenimiento oportuno a las fosas s\u00e9pticas , as\u00ed como prevenir los malos olores . Disponemos de equipos mixtos propios que permiten aspirar todo el contenido de la fundici\u00f3n hacia el cami\u00f3n cuba&hellip; <br \/> <a class=\"read-more\" href=\"https:\/\/linbages.com\/index.php\/vaciado-y-mantenimiento-de-fosas-septicas\/\">Read more<\/a><\/p>\n","protected":false},"author":1,"featured_media":0,"parent":0,"menu_order":0,"comment_status":"closed","ping_status":"closed","template":"","meta":{"footnotes":""},"class_list":["post-16","page","type-page","status-publish","hentry"],"_links":{"self":[{"href":"https:\/\/linbages.com\/index.php\/wp-json\/wp\/v2\/pages\/16","targetHints":{"allow":["GET"]}}],"collection":[{"href":"https:\/\/linbages.com\/index.php\/wp-json\/wp\/v2\/pages"}],"about":[{"href":"https:\/\/linbages.com\/index.php\/wp-json\/wp\/v2\/types\/page"}],"author":[{"embeddable":true,"href":"https:\/\/linbages.com\/index.php\/wp-json\/wp\/v2\/users\/1"}],"replies":[{"embeddable":true,"href":"https:\/\/linbages.com\/index.php\/wp-json\/wp\/v2\/comments?post=16"}],"version-history":[{"count":1,"href":"https:\/\/linbages.com\/index.php\/wp-json\/wp\/v2\/pages\/16\/revisions"}],"predecessor-version":[{"id":17,"href":"https:\/\/linbages.com\/index.php\/wp-json\/wp\/v2\/pages\/16\/revisions\/17"}],"wp:attachment":[{"href":"https:\/\/linbages.com\/index.php\/wp-json\/wp\/v2\/media?parent=16"}],"curies":[{"name":"wp","href":"https:\/\/api.w.org\/{rel}","templated":true}]}}